{"id":998,"date":"2015-08-11T16:08:26","date_gmt":"2015-08-11T20:08:26","guid":{"rendered":"https:\/\/www.shipimmigration.com\/?page_id=998"},"modified":"2015-08-11T17:17:00","modified_gmt":"2015-08-11T21:17:00","slug":"nashville","status":"publish","type":"page","link":"https:\/\/www.shipimmigration.com\/es\/acerca-de-nosotros\/nashville\/","title":{"rendered":"Nashville"},"content":{"rendered":"<p>Fabricantes,  nuevas empresas de creaci\u00f3n tecnol\u00f3gica y empresas de biotecnolog\u00eda est\u00e1n expandiendo la econom\u00eda en Nashville, una ciudad que ya cuenta con la industria de la m\u00fasica, las grandes universidades, empresas de salud, y una industria de la construcci\u00f3n muy prospera. Estas empresas expanden el n\u00famero de trabajadores nacidos en el extranjero como complemento a la fuerza laboral de Estados Unidos. Nashville se est\u00e1 convirtiendo en una ciudad m\u00e1s cosmopolita, atrayendo inversionistas inmigrantes y familias. Google introduce Google Fiber a Nashville, un servicio de Internet cien veces m\u00e1s r\u00e1pido que el Internet est\u00e1ndar, y por supuesto Fiber ser\u00e1 una medida segura para activar a\u00fan m\u00e1s la expansi\u00f3n de tecnolog\u00eda en la ciudad.<\/p>\n<p>Adem\u00e1s, los cambios demogr\u00e1ficos en la ciudad significan que varias familias cuentan con miembros quienes a\u00fan no son residentes permanentes en los EE.UU. Por lo cual nunca ha habido una mayor necesidad de servicios de abogados de inmigraci\u00f3n de calidad. En el caso de que el Congreso promulga la Reforma Migratoria, la necesidad de un abogado de confianza ser\u00e1 exponencialmente mayor. Estamos orgullosos de todas las contribuciones de las familias inmigrantes y los trabajadores inmigrantes, y creemos firmemente que por ellos Nashville es una ciudad mejor.<\/p>\n<p>Saev Hernandez Immigration Practice est\u00e1 ubicado en una casa hist\u00f3rica en el barrio Germantown de Nashville donde viv\u00eda la Sra. Mary Catherine Strobel por muchos a\u00f1os y criaba a su familia.\u00a0 Ella era la primera empleada mujer del Departamento de Bomberos de Nashville y inspir\u00f3 los Premios de Voluntarios Mary Catherine Strobel.\u00a0 Estamos orgullosos por ser parte de la comunidad din\u00e1mico de Germantown, un barrio fundado por inmigrantes de Europa en los 1850\u2019s como la primera urbanizaci\u00f3n residencial de Nashville.\u00a0 Hoy en d\u00eda, Germantown tiene un ambiente hist\u00f3rico pero a la vez progresivo.\u00a0 Se distingue con banquetas empedradas, algunos de los mejores restaurantes de Nashville, y est\u00e1 al lado de sitio del nuevo estadio de b\u00e9isbol de los Nashville Sounds y al Mercado del Agricultor.<\/p>\n","protected":false},"excerpt":{"rendered":"<p>Fabricantes, nuevas empresas de creaci\u00f3n tecnol\u00f3gica y empresas de biotecnolog\u00eda est\u00e1n expandiendo la econom\u00eda en Nashville, una ciudad que ya cuenta con la industria de la m\u00fasica, las grandes universidades,&#8230;<a href=\"https:\/\/www.shipimmigration.com\/es\/acerca-de-nosotros\/nashville\/\" title=\"Nashville\">read on <i class=\"fa fa-chevron-circle-right\"><\/i><\/a><\/p>\n","protected":false},"author":2,"featured_media":0,"parent":233,"menu_order":0,"comment_status":"open","ping_status":"open","template":"page-sidebar.php","meta":{"_acf_changed":false,"footnotes":""},"class_list":["post-998","page","type-page","status-publish","hentry"],"acf":[],"yoast_head":"<!-- This site is optimized with the Yoast SEO plugin v27.5 - https:\/\/yoast.com\/product\/yoast-seo-wordpress\/ -->\n<title>Nashville - Ship Immigration<\/title>\n<meta name=\"robots\" content=\"index, follow, max-snippet:-1, max-image-preview:large, max-video-preview:-1\" \/>\n<link rel=\"canonical\" href=\"https:\/\/www.shipimmigration.com\/es\/acerca-de-nosotros\/nashville\/\" \/>\n<meta property=\"og:locale\" content=\"es_MX\" \/>\n<meta property=\"og:type\" content=\"article\" \/>\n<meta property=\"og:title\" content=\"Nashville - Ship Immigration\" \/>\n<meta property=\"og:description\" content=\"Fabricantes, nuevas empresas de creaci\u00f3n tecnol\u00f3gica y empresas de biotecnolog\u00eda est\u00e1n expandiendo la econom\u00eda en Nashville, una ciudad que ya cuenta con la industria de la m\u00fasica, las grandes universidades,...read on\" \/>\n<meta property=\"og:url\" content=\"https:\/\/www.shipimmigration.com\/es\/acerca-de-nosotros\/nashville\/\" \/>\n<meta property=\"og:site_name\" content=\"Ship Immigration\" \/>\n<meta property=\"article:modified_time\" content=\"2015-08-11T21:17:00+00:00\" \/>\n<meta name=\"twitter:label1\" content=\"Tiempo de lectura\" \/>\n\t<meta name=\"twitter:data1\" content=\"2 minutos\" \/>\n<script type=\"application\/ld+json\" class=\"yoast-schema-graph\">{\"@context\":\"https:\\\/\\\/schema.org\",\"@graph\":[{\"@type\":\"WebPage\",\"@id\":\"https:\\\/\\\/www.shipimmigration.com\\\/es\\\/acerca-de-nosotros\\\/nashville\\\/\",\"url\":\"https:\\\/\\\/www.shipimmigration.com\\\/es\\\/acerca-de-nosotros\\\/nashville\\\/\",\"name\":\"Nashville - Ship Immigration\",\"isPartOf\":{\"@id\":\"https:\\\/\\\/www.shipimmigration.com\\\/es\\\/#website\"},\"datePublished\":\"2015-08-11T20:08:26+00:00\",\"dateModified\":\"2015-08-11T21:17:00+00:00\",\"breadcrumb\":{\"@id\":\"https:\\\/\\\/www.shipimmigration.com\\\/es\\\/acerca-de-nosotros\\\/nashville\\\/#breadcrumb\"},\"inLanguage\":\"es\",\"potentialAction\":[{\"@type\":\"ReadAction\",\"target\":[\"https:\\\/\\\/www.shipimmigration.com\\\/es\\\/acerca-de-nosotros\\\/nashville\\\/\"]}]},{\"@type\":\"BreadcrumbList\",\"@id\":\"https:\\\/\\\/www.shipimmigration.com\\\/es\\\/acerca-de-nosotros\\\/nashville\\\/#breadcrumb\",\"itemListElement\":[{\"@type\":\"ListItem\",\"position\":1,\"name\":\"\",\"item\":\"https:\\\/\\\/www.shipimmigration.com\\\/es\\\/\"},{\"@type\":\"ListItem\",\"position\":2,\"name\":\"Acerca de Nosotros\",\"item\":\"https:\\\/\\\/www.shipimmigration.com\\\/es\\\/acerca-de-nosotros\\\/\"},{\"@type\":\"ListItem\",\"position\":3,\"name\":\"Nashville\"}]},{\"@type\":\"WebSite\",\"@id\":\"https:\\\/\\\/www.shipimmigration.com\\\/es\\\/#website\",\"url\":\"https:\\\/\\\/www.shipimmigration.com\\\/es\\\/\",\"name\":\"Ship Immigration\",\"description\":\"Nashville Immigration Lawyers\",\"potentialAction\":[{\"@type\":\"SearchAction\",\"target\":{\"@type\":\"EntryPoint\",\"urlTemplate\":\"https:\\\/\\\/www.shipimmigration.com\\\/es\\\/?s={search_term_string}\"},\"query-input\":{\"@type\":\"PropertyValueSpecification\",\"valueRequired\":true,\"valueName\":\"search_term_string\"}}],\"inLanguage\":\"es\"}]}<\/script>\n<!-- \/ Yoast SEO plugin. -->","yoast_head_json":{"title":"Nashville - Ship Immigration","robots":{"index":"index","follow":"follow","max-snippet":"max-snippet:-1","max-image-preview":"max-image-preview:large","max-video-preview":"max-video-preview:-1"},"canonical":"https:\/\/www.shipimmigration.com\/es\/acerca-de-nosotros\/nashville\/","og_locale":"es_MX","og_type":"article","og_title":"Nashville - Ship Immigration","og_description":"Fabricantes, nuevas empresas de creaci\u00f3n tecnol\u00f3gica y empresas de biotecnolog\u00eda est\u00e1n expandiendo la econom\u00eda en Nashville, una ciudad que ya cuenta con la industria de la m\u00fasica, las grandes universidades,...read on","og_url":"https:\/\/www.shipimmigration.com\/es\/acerca-de-nosotros\/nashville\/","og_site_name":"Ship Immigration","article_modified_time":"2015-08-11T21:17:00+00:00","twitter_misc":{"Tiempo de lectura":"2 minutos"},"schema":{"@context":"https:\/\/schema.org","@graph":[{"@type":"WebPage","@id":"https:\/\/www.shipimmigration.com\/es\/acerca-de-nosotros\/nashville\/","url":"https:\/\/www.shipimmigration.com\/es\/acerca-de-nosotros\/nashville\/","name":"Nashville - Ship Immigration","isPartOf":{"@id":"https:\/\/www.shipimmigration.com\/es\/#website"},"datePublished":"2015-08-11T20:08:26+00:00","dateModified":"2015-08-11T21:17:00+00:00","breadcrumb":{"@id":"https:\/\/www.shipimmigration.com\/es\/acerca-de-nosotros\/nashville\/#breadcrumb"},"inLanguage":"es","potentialAction":[{"@type":"ReadAction","target":["https:\/\/www.shipimmigration.com\/es\/acerca-de-nosotros\/nashville\/"]}]},{"@type":"BreadcrumbList","@id":"https:\/\/www.shipimmigration.com\/es\/acerca-de-nosotros\/nashville\/#breadcrumb","itemListElement":[{"@type":"ListItem","position":1,"name":"","item":"https:\/\/www.shipimmigration.com\/es\/"},{"@type":"ListItem","position":2,"name":"Acerca de Nosotros","item":"https:\/\/www.shipimmigration.com\/es\/acerca-de-nosotros\/"},{"@type":"ListItem","position":3,"name":"Nashville"}]},{"@type":"WebSite","@id":"https:\/\/www.shipimmigration.com\/es\/#website","url":"https:\/\/www.shipimmigration.com\/es\/","name":"Ship Immigration","description":"Nashville Immigration Lawyers","potentialAction":[{"@type":"SearchAction","target":{"@type":"EntryPoint","urlTemplate":"https:\/\/www.shipimmigration.com\/es\/?s={search_term_string}"},"query-input":{"@type":"PropertyValueSpecification","valueRequired":true,"valueName":"search_term_string"}}],"inLanguage":"es"}]}},"_links":{"self":[{"href":"https:\/\/www.shipimmigration.com\/es\/wp-json\/wp\/v2\/pages\/998","targetHints":{"allow":["GET"]}}],"collection":[{"href":"https:\/\/www.shipimmigration.com\/es\/wp-json\/wp\/v2\/pages"}],"about":[{"href":"https:\/\/www.shipimmigration.com\/es\/wp-json\/wp\/v2\/types\/page"}],"author":[{"embeddable":true,"href":"https:\/\/www.shipimmigration.com\/es\/wp-json\/wp\/v2\/users\/2"}],"replies":[{"embeddable":true,"href":"https:\/\/www.shipimmigration.com\/es\/wp-json\/wp\/v2\/comments?post=998"}],"version-history":[{"count":2,"href":"https:\/\/www.shipimmigration.com\/es\/wp-json\/wp\/v2\/pages\/998\/revisions"}],"predecessor-version":[{"id":1019,"href":"https:\/\/www.shipimmigration.com\/es\/wp-json\/wp\/v2\/pages\/998\/revisions\/1019"}],"up":[{"embeddable":true,"href":"https:\/\/www.shipimmigration.com\/es\/wp-json\/wp\/v2\/pages\/233"}],"wp:attachment":[{"href":"https:\/\/www.shipimmigration.com\/es\/wp-json\/wp\/v2\/media?parent=998"}],"curies":[{"name":"wp","href":"https:\/\/api.w.org\/{rel}","templated":true}]}}