{"id":995,"date":"2015-08-11T16:06:27","date_gmt":"2015-08-11T20:06:27","guid":{"rendered":"https:\/\/www.shipimmigration.com\/?page_id=995"},"modified":"2015-08-11T16:06:27","modified_gmt":"2015-08-11T20:06:27","slug":"servicio-a-la-comunidad","status":"publish","type":"page","link":"https:\/\/www.shipimmigration.com\/es\/acerca-de-nosotros\/servicio-a-la-comunidad\/","title":{"rendered":"Servicio a la Comunidad"},"content":{"rendered":"<p>Como abogados, creemos en hacer nuestra parte para lograr justicia social con ayudar a los con la necesidad m\u00e1s amplia.  En el \u00e1rea de la ley de inmigraci\u00f3n, estamos en una posici\u00f3n afortunado para ayudar a los inmigrantes con lograr sus sue\u00f1os americanos.  Entendemos que dar por atr\u00e1s a la comunidad es un placer, y tambi\u00e9n es nuestra obligaci\u00f3n.<\/p>\n<p>Rose Hernandez es la abogada supervisora de la cl\u00ednica de ciudadan\u00eda de la Tennessee Coalici\u00f3n de Derechos de Inmigrantes y Refugiados (TIRRC), la cual es la organizaci\u00f3n principal dirigida por inmigrantes u refugiados en Tennessee.  Ambos abogados trabajan voluntariamente con la cl\u00ednica de ciudadan\u00eda para ayudar a los residentes permanentes indigentes para aplicar para la ciudadan\u00eda estadounidense.  Rose Hernandez tambi\u00e9n provee ayuda pro bono en Casa de la Cultura Latinoamericana, un programa innovador para la integraci\u00f3n cultural y educativa con un alcance multicultural.  Los dos trabajamos voluntariamente para el Programa de Ayuda al Militar de la Asociaci\u00f3n Americana de Abogados de Inmigraci\u00f3n, un programa especial proveyendo ayuda gratis a miembros de las Fuerzas Armadas de los Estados Unidos.  Como reconocimiento de sus contribuciones notables de servicio p\u00fablico, Rose Hernandez fue Finalista para el Premio para Servicio Voluntario de Mary Catherine Strobel en abril 2015.<\/p>\n<p>Nuestro despacho tambi\u00e9n est\u00e1 enfocado en sostenibilidad.  Aprovechamos totalmente de la tecnolog\u00eda m\u00e1s reciento para reducir nuestro uso de recursos naturales mientras todav\u00eda eficientemente vigilamos fechas de l\u00edmite, recuerdos y prioridades.  No es que no usamos nada de papel \u2013 en la industria legal no se puede evitar totalmente.  Pero usamos mucho menos papel que un despacho tradicional.  Usamos archivos digitales (\u00a1con copias de seguridad por supuesto!) mejor que copias de papel.  Esto nos deja comunicar m\u00e1s eficientemente con nuestros clientes, encontrar documentos con mayor facilidad, y traspasar los ahorros a nuestros clientes.<\/p>\n<p><img loading=\"lazy\" decoding=\"async\" src=\"https:\/\/www.shipimmigration.com\/wp-content\/uploads\/2015\/07\/MemberLogo2015_Web.jpg\" alt=\"AILA Membership badge\" width=\"250\" height=\"250\" class=\"alignleft size-full wp-image-747\" srcset=\"https:\/\/www.shipimmigration.com\/wp-content\/uploads\/2015\/07\/MemberLogo2015_Web.jpg 250w, https:\/\/www.shipimmigration.com\/wp-content\/uploads\/2015\/07\/MemberLogo2015_Web-150x150.jpg 150w\" sizes=\"auto, (max-width: 250px) 100vw, 250px\" \/><br \/>\n<img loading=\"lazy\" decoding=\"async\" src=\"https:\/\/www.shipimmigration.com\/wp-content\/uploads\/2015\/07\/tba-logo-300x248.jpg\" alt=\"Tennessee Bar Association Logo\" width=\"300\" height=\"248\" class=\"alignleft size-medium wp-image-694\" srcset=\"https:\/\/www.shipimmigration.com\/wp-content\/uploads\/2015\/07\/tba-logo-300x248.jpg 300w, https:\/\/www.shipimmigration.com\/wp-content\/uploads\/2015\/07\/tba-logo.jpg 412w\" sizes=\"auto, (max-width: 300px) 100vw, 300px\" \/><\/p>\n<p><img loading=\"lazy\" decoding=\"async\" src=\"https:\/\/www.shipimmigration.com\/wp-content\/uploads\/2015\/07\/refugee-rights-coalition-300x107.jpeg\" alt=\"refugee-rights-coalition\" width=\"300\" height=\"107\" class=\"alignright size-medium wp-image-688\" srcset=\"https:\/\/www.shipimmigration.com\/wp-content\/uploads\/2015\/07\/refugee-rights-coalition-300x107.jpeg 300w, https:\/\/www.shipimmigration.com\/wp-content\/uploads\/2015\/07\/refugee-rights-coalition.jpeg 375w\" sizes=\"auto, (max-width: 300px) 100vw, 300px\" \/><\/p>\n<p><img loading=\"lazy\" decoding=\"async\" src=\"https:\/\/www.shipimmigration.com\/wp-content\/uploads\/2015\/07\/national-immigration-project-300x169.jpg\" alt=\"national-immigration-project\" width=\"300\" height=\"169\" class=\"alignright size-medium wp-image-689\" srcset=\"https:\/\/www.shipimmigration.com\/wp-content\/uploads\/2015\/07\/national-immigration-project-300x169.jpg 300w, https:\/\/www.shipimmigration.com\/wp-content\/uploads\/2015\/07\/national-immigration-project-825x467.jpg 825w, https:\/\/www.shipimmigration.com\/wp-content\/uploads\/2015\/07\/national-immigration-project.jpg 831w\" sizes=\"auto, (max-width: 300px) 100vw, 300px\" \/><\/p>\n<p><img loading=\"lazy\" decoding=\"async\" src=\"https:\/\/www.shipimmigration.com\/wp-content\/uploads\/2015\/07\/alpfa-300x300.jpg\" alt=\"alpfa\" width=\"300\" height=\"300\" class=\"alignright size-medium wp-image-690\" srcset=\"https:\/\/www.shipimmigration.com\/wp-content\/uploads\/2015\/07\/alpfa-300x300.jpg 300w, https:\/\/www.shipimmigration.com\/wp-content\/uploads\/2015\/07\/alpfa-150x150.jpg 150w, https:\/\/www.shipimmigration.com\/wp-content\/uploads\/2015\/07\/alpfa.jpg 400w\" sizes=\"auto, (max-width: 300px) 100vw, 300px\" \/><\/p>\n<p><img loading=\"lazy\" decoding=\"async\" src=\"https:\/\/www.shipimmigration.com\/wp-content\/uploads\/2015\/07\/tennessee-latin-am-300x101.png\" alt=\"tennessee-latin-am\" width=\"300\" height=\"101\" class=\"alignright size-medium wp-image-691\" srcset=\"https:\/\/www.shipimmigration.com\/wp-content\/uploads\/2015\/07\/tennessee-latin-am-300x101.png 300w, https:\/\/www.shipimmigration.com\/wp-content\/uploads\/2015\/07\/tennessee-latin-am.png 646w\" sizes=\"auto, (max-width: 300px) 100vw, 300px\" \/><\/p>\n<p><img loading=\"lazy\" decoding=\"async\" src=\"https:\/\/www.shipimmigration.com\/wp-content\/uploads\/2015\/07\/NashvilleChamber_logo-300x300.jpg\" alt=\"NashvilleChamber_logo\" width=\"300\" height=\"300\" class=\"alignright size-medium wp-image-692\" srcset=\"https:\/\/www.shipimmigration.com\/wp-content\/uploads\/2015\/07\/NashvilleChamber_logo-300x300.jpg 300w, https:\/\/www.shipimmigration.com\/wp-content\/uploads\/2015\/07\/NashvilleChamber_logo-150x150.jpg 150w, https:\/\/www.shipimmigration.com\/wp-content\/uploads\/2015\/07\/NashvilleChamber_logo.jpg 350w\" sizes=\"auto, (max-width: 300px) 100vw, 300px\" \/><\/p>\n<p><img loading=\"lazy\" decoding=\"async\" src=\"https:\/\/www.shipimmigration.com\/wp-content\/uploads\/2015\/07\/logo-nba.png\" alt=\"logo-nba\" width=\"100\" height=\"120\" class=\"alignright size-full wp-image-693\" \/><\/p>\n","protected":false},"excerpt":{"rendered":"<p>Como abogados, creemos en hacer nuestra parte para lograr justicia social con ayudar a los con la necesidad m\u00e1s amplia. En el \u00e1rea de la ley de inmigraci\u00f3n, estamos en&#8230;<a href=\"https:\/\/www.shipimmigration.com\/es\/acerca-de-nosotros\/servicio-a-la-comunidad\/\" title=\"Servicio a la Comunidad\">read on <i class=\"fa fa-chevron-circle-right\"><\/i><\/a><\/p>\n","protected":false},"author":2,"featured_media":0,"parent":233,"menu_order":0,"comment_status":"open","ping_status":"open","template":"page-sidebar.php","meta":{"_acf_changed":false,"footnotes":""},"class_list":["post-995","page","type-page","status-publish","hentry"],"acf":[],"yoast_head":"<!-- This site is optimized with the Yoast SEO plugin v27.5 - https:\/\/yoast.com\/product\/yoast-seo-wordpress\/ -->\n<title>Servicio a la Comunidad - Ship Immigration<\/title>\n<meta name=\"robots\" content=\"index, follow, max-snippet:-1, max-image-preview:large, max-video-preview:-1\" \/>\n<link rel=\"canonical\" href=\"https:\/\/www.shipimmigration.com\/es\/acerca-de-nosotros\/servicio-a-la-comunidad\/\" \/>\n<meta property=\"og:locale\" content=\"es_MX\" \/>\n<meta property=\"og:type\" content=\"article\" \/>\n<meta property=\"og:title\" content=\"Servicio a la Comunidad - Ship Immigration\" \/>\n<meta property=\"og:description\" content=\"Como abogados, creemos en hacer nuestra parte para lograr justicia social con ayudar a los con la necesidad m\u00e1s amplia. En el \u00e1rea de la ley de inmigraci\u00f3n, estamos en...read on\" \/>\n<meta property=\"og:url\" content=\"https:\/\/www.shipimmigration.com\/es\/acerca-de-nosotros\/servicio-a-la-comunidad\/\" \/>\n<meta property=\"og:site_name\" content=\"Ship Immigration\" \/>\n<meta property=\"og:image\" content=\"https:\/\/www.shipimmigration.com\/wp-content\/uploads\/2015\/07\/MemberLogo2015_Web.jpg\" \/>\n<meta name=\"twitter:label1\" content=\"Tiempo de lectura\" \/>\n\t<meta name=\"twitter:data1\" content=\"2 minutos\" \/>\n<script type=\"application\/ld+json\" class=\"yoast-schema-graph\">{\"@context\":\"https:\\\/\\\/schema.org\",\"@graph\":[{\"@type\":\"WebPage\",\"@id\":\"https:\\\/\\\/www.shipimmigration.com\\\/es\\\/acerca-de-nosotros\\\/servicio-a-la-comunidad\\\/\",\"url\":\"https:\\\/\\\/www.shipimmigration.com\\\/es\\\/acerca-de-nosotros\\\/servicio-a-la-comunidad\\\/\",\"name\":\"Servicio a la Comunidad - Ship Immigration\",\"isPartOf\":{\"@id\":\"https:\\\/\\\/www.shipimmigration.com\\\/es\\\/#website\"},\"primaryImageOfPage\":{\"@id\":\"https:\\\/\\\/www.shipimmigration.com\\\/es\\\/acerca-de-nosotros\\\/servicio-a-la-comunidad\\\/#primaryimage\"},\"image\":{\"@id\":\"https:\\\/\\\/www.shipimmigration.com\\\/es\\\/acerca-de-nosotros\\\/servicio-a-la-comunidad\\\/#primaryimage\"},\"thumbnailUrl\":\"https:\\\/\\\/www.shipimmigration.com\\\/wp-content\\\/uploads\\\/2015\\\/07\\\/MemberLogo2015_Web.jpg\",\"datePublished\":\"2015-08-11T20:06:27+00:00\",\"breadcrumb\":{\"@id\":\"https:\\\/\\\/www.shipimmigration.com\\\/es\\\/acerca-de-nosotros\\\/servicio-a-la-comunidad\\\/#breadcrumb\"},\"inLanguage\":\"es\",\"potentialAction\":[{\"@type\":\"ReadAction\",\"target\":[\"https:\\\/\\\/www.shipimmigration.com\\\/es\\\/acerca-de-nosotros\\\/servicio-a-la-comunidad\\\/\"]}]},{\"@type\":\"ImageObject\",\"inLanguage\":\"es\",\"@id\":\"https:\\\/\\\/www.shipimmigration.com\\\/es\\\/acerca-de-nosotros\\\/servicio-a-la-comunidad\\\/#primaryimage\",\"url\":\"https:\\\/\\\/www.shipimmigration.com\\\/wp-content\\\/uploads\\\/2015\\\/07\\\/MemberLogo2015_Web.jpg\",\"contentUrl\":\"https:\\\/\\\/www.shipimmigration.com\\\/wp-content\\\/uploads\\\/2015\\\/07\\\/MemberLogo2015_Web.jpg\"},{\"@type\":\"BreadcrumbList\",\"@id\":\"https:\\\/\\\/www.shipimmigration.com\\\/es\\\/acerca-de-nosotros\\\/servicio-a-la-comunidad\\\/#breadcrumb\",\"itemListElement\":[{\"@type\":\"ListItem\",\"position\":1,\"name\":\"\",\"item\":\"https:\\\/\\\/www.shipimmigration.com\\\/es\\\/\"},{\"@type\":\"ListItem\",\"position\":2,\"name\":\"Acerca de Nosotros\",\"item\":\"https:\\\/\\\/www.shipimmigration.com\\\/es\\\/acerca-de-nosotros\\\/\"},{\"@type\":\"ListItem\",\"position\":3,\"name\":\"Servicio a la Comunidad\"}]},{\"@type\":\"WebSite\",\"@id\":\"https:\\\/\\\/www.shipimmigration.com\\\/es\\\/#website\",\"url\":\"https:\\\/\\\/www.shipimmigration.com\\\/es\\\/\",\"name\":\"Ship Immigration\",\"description\":\"Nashville Immigration Lawyers\",\"potentialAction\":[{\"@type\":\"SearchAction\",\"target\":{\"@type\":\"EntryPoint\",\"urlTemplate\":\"https:\\\/\\\/www.shipimmigration.com\\\/es\\\/?s={search_term_string}\"},\"query-input\":{\"@type\":\"PropertyValueSpecification\",\"valueRequired\":true,\"valueName\":\"search_term_string\"}}],\"inLanguage\":\"es\"}]}<\/script>\n<!-- \/ Yoast SEO plugin. -->","yoast_head_json":{"title":"Servicio a la Comunidad - Ship Immigration","robots":{"index":"index","follow":"follow","max-snippet":"max-snippet:-1","max-image-preview":"max-image-preview:large","max-video-preview":"max-video-preview:-1"},"canonical":"https:\/\/www.shipimmigration.com\/es\/acerca-de-nosotros\/servicio-a-la-comunidad\/","og_locale":"es_MX","og_type":"article","og_title":"Servicio a la Comunidad - Ship Immigration","og_description":"Como abogados, creemos en hacer nuestra parte para lograr justicia social con ayudar a los con la necesidad m\u00e1s amplia. En el \u00e1rea de la ley de inmigraci\u00f3n, estamos en...read on","og_url":"https:\/\/www.shipimmigration.com\/es\/acerca-de-nosotros\/servicio-a-la-comunidad\/","og_site_name":"Ship Immigration","og_image":[{"url":"https:\/\/www.shipimmigration.com\/wp-content\/uploads\/2015\/07\/MemberLogo2015_Web.jpg","type":"","width":"","height":""}],"twitter_misc":{"Tiempo de lectura":"2 minutos"},"schema":{"@context":"https:\/\/schema.org","@graph":[{"@type":"WebPage","@id":"https:\/\/www.shipimmigration.com\/es\/acerca-de-nosotros\/servicio-a-la-comunidad\/","url":"https:\/\/www.shipimmigration.com\/es\/acerca-de-nosotros\/servicio-a-la-comunidad\/","name":"Servicio a la Comunidad - Ship Immigration","isPartOf":{"@id":"https:\/\/www.shipimmigration.com\/es\/#website"},"primaryImageOfPage":{"@id":"https:\/\/www.shipimmigration.com\/es\/acerca-de-nosotros\/servicio-a-la-comunidad\/#primaryimage"},"image":{"@id":"https:\/\/www.shipimmigration.com\/es\/acerca-de-nosotros\/servicio-a-la-comunidad\/#primaryimage"},"thumbnailUrl":"https:\/\/www.shipimmigration.com\/wp-content\/uploads\/2015\/07\/MemberLogo2015_Web.jpg","datePublished":"2015-08-11T20:06:27+00:00","breadcrumb":{"@id":"https:\/\/www.shipimmigration.com\/es\/acerca-de-nosotros\/servicio-a-la-comunidad\/#breadcrumb"},"inLanguage":"es","potentialAction":[{"@type":"ReadAction","target":["https:\/\/www.shipimmigration.com\/es\/acerca-de-nosotros\/servicio-a-la-comunidad\/"]}]},{"@type":"ImageObject","inLanguage":"es","@id":"https:\/\/www.shipimmigration.com\/es\/acerca-de-nosotros\/servicio-a-la-comunidad\/#primaryimage","url":"https:\/\/www.shipimmigration.com\/wp-content\/uploads\/2015\/07\/MemberLogo2015_Web.jpg","contentUrl":"https:\/\/www.shipimmigration.com\/wp-content\/uploads\/2015\/07\/MemberLogo2015_Web.jpg"},{"@type":"BreadcrumbList","@id":"https:\/\/www.shipimmigration.com\/es\/acerca-de-nosotros\/servicio-a-la-comunidad\/#breadcrumb","itemListElement":[{"@type":"ListItem","position":1,"name":"","item":"https:\/\/www.shipimmigration.com\/es\/"},{"@type":"ListItem","position":2,"name":"Acerca de Nosotros","item":"https:\/\/www.shipimmigration.com\/es\/acerca-de-nosotros\/"},{"@type":"ListItem","position":3,"name":"Servicio a la Comunidad"}]},{"@type":"WebSite","@id":"https:\/\/www.shipimmigration.com\/es\/#website","url":"https:\/\/www.shipimmigration.com\/es\/","name":"Ship Immigration","description":"Nashville Immigration Lawyers","potentialAction":[{"@type":"SearchAction","target":{"@type":"EntryPoint","urlTemplate":"https:\/\/www.shipimmigration.com\/es\/?s={search_term_string}"},"query-input":{"@type":"PropertyValueSpecification","valueRequired":true,"valueName":"search_term_string"}}],"inLanguage":"es"}]}},"_links":{"self":[{"href":"https:\/\/www.shipimmigration.com\/es\/wp-json\/wp\/v2\/pages\/995","targetHints":{"allow":["GET"]}}],"collection":[{"href":"https:\/\/www.shipimmigration.com\/es\/wp-json\/wp\/v2\/pages"}],"about":[{"href":"https:\/\/www.shipimmigration.com\/es\/wp-json\/wp\/v2\/types\/page"}],"author":[{"embeddable":true,"href":"https:\/\/www.shipimmigration.com\/es\/wp-json\/wp\/v2\/users\/2"}],"replies":[{"embeddable":true,"href":"https:\/\/www.shipimmigration.com\/es\/wp-json\/wp\/v2\/comments?post=995"}],"version-history":[{"count":2,"href":"https:\/\/www.shipimmigration.com\/es\/wp-json\/wp\/v2\/pages\/995\/revisions"}],"predecessor-version":[{"id":997,"href":"https:\/\/www.shipimmigration.com\/es\/wp-json\/wp\/v2\/pages\/995\/revisions\/997"}],"up":[{"embeddable":true,"href":"https:\/\/www.shipimmigration.com\/es\/wp-json\/wp\/v2\/pages\/233"}],"wp:attachment":[{"href":"https:\/\/www.shipimmigration.com\/es\/wp-json\/wp\/v2\/media?parent=995"}],"curies":[{"name":"wp","href":"https:\/\/api.w.org\/{rel}","templated":true}]}}