{"id":236,"date":"2015-06-04T16:42:23","date_gmt":"2015-06-04T20:42:23","guid":{"rendered":"https:\/\/www.shipimmigration.com\/?page_id=236"},"modified":"2015-08-12T15:22:27","modified_gmt":"2015-08-12T19:22:27","slug":"contactarse-con-nosotros","status":"publish","type":"page","link":"https:\/\/www.shipimmigration.com\/es\/contactarse-con-nosotros\/","title":{"rendered":"Estamos Aqu\u00ed para Ayudarle"},"content":{"rendered":"<section class=\"one\">\n<article>\n<h2>Contactarse con nosotros<\/h2>\n<p><img loading=\"lazy\" decoding=\"async\" src=\"https:\/\/www.shipimmigration.com\/wp-content\/uploads\/2015\/05\/Directions-300x162.jpg\" alt=\"Directions\" width=\"300\" height=\"162\" class=\"alignright size-medium wp-image-487\" srcset=\"https:\/\/www.shipimmigration.com\/wp-content\/uploads\/2015\/05\/Directions-300x162.jpg 300w, https:\/\/www.shipimmigration.com\/wp-content\/uploads\/2015\/05\/Directions.jpg 672w\" sizes=\"auto, (max-width: 300px) 100vw, 300px\" \/><br \/>\nPara empezar de una vez con su caso de inmigraci\u00f3n, o simplemente para aprender exactamente cuales opciones aplican a su situaci\u00f3n, favor de programar una cita de consulta de una hora con uno de nuestros abogados.\u00a0Hay un honorario para la hora.<\/p>\n<p><strong>Contacte a un abogado:<\/strong> \u00a0 Usted puede contactar a uno de los abogados de Saev Hernandez Immigration Practice, PLLC con llenar la forma corta a la derecha de esta pantalla y hacer clic en \u201csometer\u201d para mandarnos su informaci\u00f3n de contacto.\u00a0 Uno de los abogados le contactar\u00e1 lo m\u00e1s pronto posible para programar una cita de consulta.\u00a0 Favor de leer la explanaci\u00f3n de la relaci\u00f3n de abogado\/cliente.<\/p>\n<hr \/>\n<div class=\"one_half\"><strong>Oficina:<\/strong><br \/>\n1212 7th Avenue North\u00a0Nashville, TN 37208<br \/>\nTel\u00e9fono: \u00a0615-647-8628<br \/>\nFax: 615-647-8627<br \/>\nCorreo electr\u00f3nico:\u00a0<a href=\"mailto:contact@shipvisa.com\">contact@shipvisa.com<\/a><\/p>\n<p>Horas de oficina:<br \/>\nLunes a Viernes:\u00a08:30am \u2013 5:30pm<br \/>\n<strong>PARQUEADERO GRATIS<\/strong><\/div>\n<div class=\"one_half last\">\n<div class=\"video\"><iframe loading=\"lazy\" src=\"https:\/\/www.google.com\/maps\/embed?pb=!1m14!1m8!1m3!1d8266.974166689877!2d-86.79132229666249!3d36.172542131001336!3m2!1i1024!2i768!4f13.1!3m3!1m2!1s0x0%3A0xafd143b6a294c810!2sSaev+Hernandez+Immigration+Practice%2C+PLLC!5e0!3m2!1sen!2sus!4v1436906762673\" width=\"600\" height=\"400\" frameborder=\"0\" style=\"border:0\" allowfullscreen><\/iframe><\/div>\n<\/div>\n<div class=\"clear\"><\/div>\n<p><img loading=\"lazy\" decoding=\"async\" src=\"https:\/\/www.shipimmigration.com\/wp-content\/uploads\/2015\/06\/bluestripe.jpg\" alt=\"blue stripe\" width=\"1024\" height=\"15\" class=\"alignleft size-full wp-image-301\" srcset=\"https:\/\/www.shipimmigration.com\/wp-content\/uploads\/2015\/06\/bluestripe.jpg 1024w, https:\/\/www.shipimmigration.com\/wp-content\/uploads\/2015\/06\/bluestripe-300x4.jpg 300w\" sizes=\"auto, (max-width: 1024px) 100vw, 1024px\" \/><\/p>\n<h3>RELACI\u00d3N DE ABOGADO\/CLIENTE:<\/h3>\n<p>Esperamos que usted contrate a nuestro despacho de abogados despu\u00e9s de consultar con uno de los abogados de Saev Hernandez Immigration Practice.\u00a0 Sin embargo, hay que notar que no somos sus abogados hasta que nos contraten con firmar un acuerdo de representaci\u00f3n y mandarnos un pago inicial.\u00a0 Al igual, usando esta forma de internet para contactar al despacho o a un miembro individuo del despacho no establece una relaci\u00f3n entre abogado y cliente.\u00a0 No debe de transmitir informaci\u00f3n confidencial o urgente por medio de esta forma.\u00a0 Si el asunto de usted es particularmente urgente o sensitivo, favor de contactarnos por tel\u00e9fono.<\/p>\n<h3>PROPUESTO DE LA CONSULTA:<\/h3>\n<p>La cita de una consulta de una hora con uno de los abogados de Saev Hernandez Immigration Practice es para obtener una evaluaci\u00f3n detallada de sus necesidades de inmigraci\u00f3n.\u00a0 Algunos abogados de inmigraci\u00f3n ofrecen una consulta gratis que solamente duran unos cuantos minutos seguida por una reuni\u00f3n de pago para compartir detalles.\u00a0 Sabemos que el tiempo de usted es valioso y por eso preferimos ofrecer una consulta de una hora desde el principio con un abogado de experiencia para mejor cumplir con sus necesidades.\u00a0 La consulta es para:<\/p>\n<ul>\n<li>conocernos<\/li>\n<li>que usted nos cuente su historia y metas de inmigraci\u00f3n<\/li>\n<li>recibir respuestas a sus preguntas especificas<\/li>\n<li>aprender cu\u00e1les opciones de inmigraci\u00f3n aplican a usted y cu\u00e1les no, y porqu\u00e9<\/li>\n<li>establecer un plan de acci\u00f3n<\/li>\n<li>recibir un estimado del honorario fijo y un plan de pagos que aplica a su caso<\/li>\n<\/ul>\n","protected":false},"excerpt":{"rendered":"<p>Contactarse con nosotros Para empezar de una vez con su caso de inmigraci\u00f3n, o simplemente para aprender exactamente cuales opciones aplican a su situaci\u00f3n, favor de programar una cita de&#8230;<a href=\"https:\/\/www.shipimmigration.com\/es\/contactarse-con-nosotros\/\" title=\"Estamos Aqu\u00ed para Ayudarle\">read on <i class=\"fa fa-chevron-circle-right\"><\/i><\/a><\/p>\n","protected":false},"author":2,"featured_media":610,"parent":0,"menu_order":0,"comment_status":"open","ping_status":"open","template":"","meta":{"_acf_changed":false,"footnotes":""},"class_list":["post-236","page","type-page","status-publish","has-post-thumbnail","hentry"],"acf":[],"yoast_head":"<!-- This site is optimized with the Yoast SEO plugin v27.5 - https:\/\/yoast.com\/product\/yoast-seo-wordpress\/ -->\n<title>Estamos Aqu\u00ed para Ayudarle - Ship Immigration<\/title>\n<meta name=\"robots\" content=\"index, follow, max-snippet:-1, max-image-preview:large, max-video-preview:-1\" \/>\n<link rel=\"canonical\" href=\"https:\/\/www.shipimmigration.com\/es\/contactarse-con-nosotros\/\" \/>\n<meta property=\"og:locale\" content=\"es_MX\" \/>\n<meta property=\"og:type\" content=\"article\" \/>\n<meta property=\"og:title\" content=\"Estamos Aqu\u00ed para Ayudarle - Ship Immigration\" \/>\n<meta property=\"og:description\" content=\"Contactarse con nosotros Para empezar de una vez con su caso de inmigraci\u00f3n, o simplemente para aprender exactamente cuales opciones aplican a su situaci\u00f3n, favor de programar una cita de...read on\" \/>\n<meta property=\"og:url\" content=\"https:\/\/www.shipimmigration.com\/es\/contactarse-con-nosotros\/\" \/>\n<meta property=\"og:site_name\" content=\"Ship Immigration\" \/>\n<meta property=\"article:modified_time\" content=\"2015-08-12T19:22:27+00:00\" \/>\n<meta property=\"og:image\" content=\"https:\/\/www.shipimmigration.com\/wp-content\/uploads\/2015\/06\/here-to-help.jpg\" \/>\n\t<meta property=\"og:image:width\" content=\"1348\" \/>\n\t<meta property=\"og:image:height\" content=\"400\" \/>\n\t<meta property=\"og:image:type\" content=\"image\/jpeg\" \/>\n<meta name=\"twitter:label1\" content=\"Tiempo de lectura\" \/>\n\t<meta name=\"twitter:data1\" content=\"2 minutos\" \/>\n<script type=\"application\/ld+json\" class=\"yoast-schema-graph\">{\"@context\":\"https:\\\/\\\/schema.org\",\"@graph\":[{\"@type\":\"WebPage\",\"@id\":\"https:\\\/\\\/www.shipimmigration.com\\\/es\\\/contactarse-con-nosotros\\\/\",\"url\":\"https:\\\/\\\/www.shipimmigration.com\\\/es\\\/contactarse-con-nosotros\\\/\",\"name\":\"Estamos Aqu\u00ed para Ayudarle - Ship Immigration\",\"isPartOf\":{\"@id\":\"https:\\\/\\\/www.shipimmigration.com\\\/es\\\/#website\"},\"primaryImageOfPage\":{\"@id\":\"https:\\\/\\\/www.shipimmigration.com\\\/es\\\/contactarse-con-nosotros\\\/#primaryimage\"},\"image\":{\"@id\":\"https:\\\/\\\/www.shipimmigration.com\\\/es\\\/contactarse-con-nosotros\\\/#primaryimage\"},\"thumbnailUrl\":\"https:\\\/\\\/www.shipimmigration.com\\\/wp-content\\\/uploads\\\/2015\\\/06\\\/here-to-help.jpg\",\"datePublished\":\"2015-06-04T20:42:23+00:00\",\"dateModified\":\"2015-08-12T19:22:27+00:00\",\"breadcrumb\":{\"@id\":\"https:\\\/\\\/www.shipimmigration.com\\\/es\\\/contactarse-con-nosotros\\\/#breadcrumb\"},\"inLanguage\":\"es\",\"potentialAction\":[{\"@type\":\"ReadAction\",\"target\":[\"https:\\\/\\\/www.shipimmigration.com\\\/es\\\/contactarse-con-nosotros\\\/\"]}]},{\"@type\":\"ImageObject\",\"inLanguage\":\"es\",\"@id\":\"https:\\\/\\\/www.shipimmigration.com\\\/es\\\/contactarse-con-nosotros\\\/#primaryimage\",\"url\":\"https:\\\/\\\/www.shipimmigration.com\\\/wp-content\\\/uploads\\\/2015\\\/06\\\/here-to-help.jpg\",\"contentUrl\":\"https:\\\/\\\/www.shipimmigration.com\\\/wp-content\\\/uploads\\\/2015\\\/06\\\/here-to-help.jpg\",\"width\":1348,\"height\":400,\"caption\":\"contact us\"},{\"@type\":\"BreadcrumbList\",\"@id\":\"https:\\\/\\\/www.shipimmigration.com\\\/es\\\/contactarse-con-nosotros\\\/#breadcrumb\",\"itemListElement\":[{\"@type\":\"ListItem\",\"position\":1,\"name\":\"\",\"item\":\"https:\\\/\\\/www.shipimmigration.com\\\/es\\\/\"},{\"@type\":\"ListItem\",\"position\":2,\"name\":\"Estamos Aqu\u00ed para Ayudarle\"}]},{\"@type\":\"WebSite\",\"@id\":\"https:\\\/\\\/www.shipimmigration.com\\\/es\\\/#website\",\"url\":\"https:\\\/\\\/www.shipimmigration.com\\\/es\\\/\",\"name\":\"Ship Immigration\",\"description\":\"Nashville Immigration Lawyers\",\"potentialAction\":[{\"@type\":\"SearchAction\",\"target\":{\"@type\":\"EntryPoint\",\"urlTemplate\":\"https:\\\/\\\/www.shipimmigration.com\\\/es\\\/?s={search_term_string}\"},\"query-input\":{\"@type\":\"PropertyValueSpecification\",\"valueRequired\":true,\"valueName\":\"search_term_string\"}}],\"inLanguage\":\"es\"}]}<\/script>\n<!-- \/ Yoast SEO plugin. -->","yoast_head_json":{"title":"Estamos Aqu\u00ed para Ayudarle - Ship Immigration","robots":{"index":"index","follow":"follow","max-snippet":"max-snippet:-1","max-image-preview":"max-image-preview:large","max-video-preview":"max-video-preview:-1"},"canonical":"https:\/\/www.shipimmigration.com\/es\/contactarse-con-nosotros\/","og_locale":"es_MX","og_type":"article","og_title":"Estamos Aqu\u00ed para Ayudarle - Ship Immigration","og_description":"Contactarse con nosotros Para empezar de una vez con su caso de inmigraci\u00f3n, o simplemente para aprender exactamente cuales opciones aplican a su situaci\u00f3n, favor de programar una cita de...read on","og_url":"https:\/\/www.shipimmigration.com\/es\/contactarse-con-nosotros\/","og_site_name":"Ship Immigration","article_modified_time":"2015-08-12T19:22:27+00:00","og_image":[{"width":1348,"height":400,"url":"https:\/\/www.shipimmigration.com\/wp-content\/uploads\/2015\/06\/here-to-help.jpg","type":"image\/jpeg"}],"twitter_misc":{"Tiempo de lectura":"2 minutos"},"schema":{"@context":"https:\/\/schema.org","@graph":[{"@type":"WebPage","@id":"https:\/\/www.shipimmigration.com\/es\/contactarse-con-nosotros\/","url":"https:\/\/www.shipimmigration.com\/es\/contactarse-con-nosotros\/","name":"Estamos Aqu\u00ed para Ayudarle - Ship Immigration","isPartOf":{"@id":"https:\/\/www.shipimmigration.com\/es\/#website"},"primaryImageOfPage":{"@id":"https:\/\/www.shipimmigration.com\/es\/contactarse-con-nosotros\/#primaryimage"},"image":{"@id":"https:\/\/www.shipimmigration.com\/es\/contactarse-con-nosotros\/#primaryimage"},"thumbnailUrl":"https:\/\/www.shipimmigration.com\/wp-content\/uploads\/2015\/06\/here-to-help.jpg","datePublished":"2015-06-04T20:42:23+00:00","dateModified":"2015-08-12T19:22:27+00:00","breadcrumb":{"@id":"https:\/\/www.shipimmigration.com\/es\/contactarse-con-nosotros\/#breadcrumb"},"inLanguage":"es","potentialAction":[{"@type":"ReadAction","target":["https:\/\/www.shipimmigration.com\/es\/contactarse-con-nosotros\/"]}]},{"@type":"ImageObject","inLanguage":"es","@id":"https:\/\/www.shipimmigration.com\/es\/contactarse-con-nosotros\/#primaryimage","url":"https:\/\/www.shipimmigration.com\/wp-content\/uploads\/2015\/06\/here-to-help.jpg","contentUrl":"https:\/\/www.shipimmigration.com\/wp-content\/uploads\/2015\/06\/here-to-help.jpg","width":1348,"height":400,"caption":"contact us"},{"@type":"BreadcrumbList","@id":"https:\/\/www.shipimmigration.com\/es\/contactarse-con-nosotros\/#breadcrumb","itemListElement":[{"@type":"ListItem","position":1,"name":"","item":"https:\/\/www.shipimmigration.com\/es\/"},{"@type":"ListItem","position":2,"name":"Estamos Aqu\u00ed para Ayudarle"}]},{"@type":"WebSite","@id":"https:\/\/www.shipimmigration.com\/es\/#website","url":"https:\/\/www.shipimmigration.com\/es\/","name":"Ship Immigration","description":"Nashville Immigration Lawyers","potentialAction":[{"@type":"SearchAction","target":{"@type":"EntryPoint","urlTemplate":"https:\/\/www.shipimmigration.com\/es\/?s={search_term_string}"},"query-input":{"@type":"PropertyValueSpecification","valueRequired":true,"valueName":"search_term_string"}}],"inLanguage":"es"}]}},"_links":{"self":[{"href":"https:\/\/www.shipimmigration.com\/es\/wp-json\/wp\/v2\/pages\/236","targetHints":{"allow":["GET"]}}],"collection":[{"href":"https:\/\/www.shipimmigration.com\/es\/wp-json\/wp\/v2\/pages"}],"about":[{"href":"https:\/\/www.shipimmigration.com\/es\/wp-json\/wp\/v2\/types\/page"}],"author":[{"embeddable":true,"href":"https:\/\/www.shipimmigration.com\/es\/wp-json\/wp\/v2\/users\/2"}],"replies":[{"embeddable":true,"href":"https:\/\/www.shipimmigration.com\/es\/wp-json\/wp\/v2\/comments?post=236"}],"version-history":[{"count":6,"href":"https:\/\/www.shipimmigration.com\/es\/wp-json\/wp\/v2\/pages\/236\/revisions"}],"predecessor-version":[{"id":1036,"href":"https:\/\/www.shipimmigration.com\/es\/wp-json\/wp\/v2\/pages\/236\/revisions\/1036"}],"wp:featuredmedia":[{"embeddable":true,"href":"https:\/\/www.shipimmigration.com\/es\/wp-json\/wp\/v2\/media\/610"}],"wp:attachment":[{"href":"https:\/\/www.shipimmigration.com\/es\/wp-json\/wp\/v2\/media?parent=236"}],"curies":[{"name":"wp","href":"https:\/\/api.w.org\/{rel}","templated":true}]}}