{"id":1015,"date":"2015-08-11T16:46:28","date_gmt":"2015-08-11T20:46:28","guid":{"rendered":"https:\/\/www.shipimmigration.com\/?page_id=1015"},"modified":"2015-08-11T16:46:28","modified_gmt":"2015-08-11T20:46:28","slug":"renuncias-y-publicidad-de-abogados","status":"publish","type":"page","link":"https:\/\/www.shipimmigration.com\/es\/renuncias-y-publicidad-de-abogados\/","title":{"rendered":"Renuncias y Publicidad de Abogados"},"content":{"rendered":"<p>NOTA: El uso de este sitio web (&#8220;Sitio&#8221;) est\u00e1 sujeto a los siguientes T\u00e9rminos de Uso. Por favor, lea con cuidado, ya que los t\u00e9rminos pueden haber cambiado desde su \u00faltima visita. El uso de este sitio implica la aceptaci\u00f3n de estos t\u00e9rminos. SI USTED NO ACEPTA ESTOS T\u00c9RMINOS, ENTONCES NO USE ESTE SITIO.<\/p>\n<h2>ESTE SITIO NO CONTIENE ACCESORIA LEGAL<\/h2>\n<p>Este sitio se proporciona para los prop\u00f3sitos informativos solamente por Saev Hern\u00e1ndez Pr\u00e1ctica Inmigraci\u00f3n, PLLC (&#8220;Saev Hern\u00e1ndez Inmigraci\u00f3n&#8221;). El contenido de este sitio no es asesoramiento jur\u00eddico, no es un substituto para el consejo legal y no puede reflejar los desarrollos legales m\u00e1s recientes. Usted no debe confiar en la informaci\u00f3n en este sitio como consejo legal para ning\u00fan fin. Usted no debe actuar ni abstenerse de actuar sobre la base de cualquier informaci\u00f3n contenida en este sitio. Saev Hern\u00e1ndez Inmigraci\u00f3n renuncia expresamente a toda responsabilidad con respecto a las acciones tomadas o no tomadas sobre la base de cualquier contenido de este sitio.<\/p>\n<h2>HASTA QUE AMBOS FIRMEMOS UN ACUERDO ESCRITO, NO TE REPRESENTAMOS Y NO HEMOS ACCEDIDO A HACERLO<\/h2>\n<p>Hasta que usted y nosotros firmemos un acuerdo de representaci\u00f3n por escrito, no le representamos y no nos hemos puesto de acuerdo para representarle. Con solo ver este sitio, ponerse en contacto con nosotros, proporcionar informaci\u00f3n y recibir informaci\u00f3n de nosotros, no creer\u00e1 una relaci\u00f3n entre abogado-cliente entre usted y nosotros. Usted no debe considerar la informaci\u00f3n en este sitio como una invitaci\u00f3n a una relaci\u00f3n de abogado-cliente.<\/p>\n<h2>NO ENVIARNOS INFORMACION CONFIDENCIAL<\/h2>\n<p>Por favor no nos env\u00ede cualquier informaci\u00f3n que usted considere confidencial o secreta hasta que haya recibido la autorizaci\u00f3n de uno de nuestros abogados. Proporcionar informaci\u00f3n a Saev Hern\u00e1ndez Inmigraci\u00f3n a trav\u00e9s de e-mail y enlaces en este sitio no nos evitara representar a otra persona en relaci\u00f3n con el asunto de que se trate o de un asunto relacionado.<\/p>\n<h2>SAEV HERNANDEZ ABOGADOS DE INMIGRACI\u00d3N NO SE SOSTIENEN A SI MISMOS COMO \u201cESPECIALISTAS\u201d<\/h2>\n<p>Nuestros abogados no pretenden ser especialistas certificados en cualquier zona de pr\u00e1cticas, ya que la certificaci\u00f3n especialista en inmigraci\u00f3n no est\u00e1 disponible para abogados en Tennessee.<\/p>\n<h2>AVISO SOBRE LA PUBLICADAD DE LOS ABOGADOS<\/h2>\n<p>Las porciones del contenido de este sitio pueden considerarse publicidad de abogado bajo las leyes o reglas de conducta profesional de algunos estados. La determinaci\u00f3n de la necesidad de servicios legales y la elecci\u00f3n de un abogado son decisiones importantes y no deben basarse \u00fanicamente en este sitio web. Nosotros no ofrecemos ni prometemos resultados del caso. \u00c9xito en el pasado no garantiza el \u00e9xito en cualquier caso nuevo o futuro. Los resultados anteriores no garantizan un resultado futuro. Si usted tiene alguna pregunta acerca de las normas de publicidad abogado, p\u00f3ngase en contacto con Saev Hern\u00e1ndez Pr\u00e1ctica Inmigraci\u00f3n, PLLC, 1212 7th Ave N, Nashville, TN 37208; o (615) 647-8628.<br \/>\nLos abogados de Saev Hern\u00e1ndez inmigraci\u00f3n no tienen licencia para ejercer en todas las jurisdicciones. Por favor, consulte las biograf\u00edas de abogados individuales para determinar si un abogado particular se licencia en su estado. Saev Hern\u00e1ndez Inmigraci\u00f3n no desea representar a todos aquellos que buscan la representaci\u00f3n basada en ver este sitio en una jurisdicci\u00f3n donde este sitio no cumple con todas las leyes y normas aplicables.<\/p>\n<h2>RENUNCIA A INFORMACION VINCULADA<\/h2>\n<p>Este sitio puede contener enlaces a p\u00e1ginas externas, y de los sitios externos puede enlazar a este sitio. Saev Hern\u00e1ndez Inmigraci\u00f3n no necesariamente recomienda ni respalda estos sitios y no es responsable de su contenido o la operaci\u00f3n.<\/p>\n<h2>AVISO DE COPYRIGHT<\/h2>\n<p>Saev Hern\u00e1ndez Inmigraci\u00f3n se reserva el derecho de autor en el texto y elementos gr\u00e1ficos contenidos en este sitio, junto con la disposici\u00f3n del sitio en s\u00ed, incluyendo el resto de la propiedad intelectual y los derechos de propiedad en el mismo, y todos los derechos est\u00e1n reservados. El uso no autorizado de la informaci\u00f3n que presentamos en este sitio, o la retransmisi\u00f3n de la informaci\u00f3n en cualquier forma, est\u00e1 prohibido.<\/p>\n","protected":false},"excerpt":{"rendered":"<p>NOTA: El uso de este sitio web (&#8220;Sitio&#8221;) est\u00e1 sujeto a los siguientes T\u00e9rminos de Uso. Por favor, lea con cuidado, ya que los t\u00e9rminos pueden haber cambiado desde su&#8230;<a href=\"https:\/\/www.shipimmigration.com\/es\/renuncias-y-publicidad-de-abogados\/\" title=\"Renuncias y Publicidad de Abogados\">read on <i class=\"fa fa-chevron-circle-right\"><\/i><\/a><\/p>\n","protected":false},"author":2,"featured_media":3736,"parent":0,"menu_order":0,"comment_status":"open","ping_status":"open","template":"","meta":{"_acf_changed":false,"footnotes":""},"class_list":["post-1015","page","type-page","status-publish","has-post-thumbnail","hentry"],"acf":[],"yoast_head":"<!-- This site is optimized with the Yoast SEO plugin v27.5 - https:\/\/yoast.com\/product\/yoast-seo-wordpress\/ -->\n<title>Renuncias y Publicidad de Abogados - Ship Immigration<\/title>\n<meta name=\"robots\" content=\"index, follow, max-snippet:-1, max-image-preview:large, max-video-preview:-1\" \/>\n<link rel=\"canonical\" href=\"https:\/\/www.shipimmigration.com\/es\/renuncias-y-publicidad-de-abogados\/\" \/>\n<meta property=\"og:locale\" content=\"es_MX\" \/>\n<meta property=\"og:type\" content=\"article\" \/>\n<meta property=\"og:title\" content=\"Renuncias y Publicidad de Abogados - Ship Immigration\" \/>\n<meta property=\"og:description\" content=\"NOTA: El uso de este sitio web (&#8220;Sitio&#8221;) est\u00e1 sujeto a los siguientes T\u00e9rminos de Uso. Por favor, lea con cuidado, ya que los t\u00e9rminos pueden haber cambiado desde su...read on\" \/>\n<meta property=\"og:url\" content=\"https:\/\/www.shipimmigration.com\/es\/renuncias-y-publicidad-de-abogados\/\" \/>\n<meta property=\"og:site_name\" content=\"Ship Immigration\" \/>\n<meta property=\"og:image\" content=\"https:\/\/www.shipimmigration.com\/wp-content\/uploads\/2015\/07\/disclaimer-page-photo.jpg\" \/>\n\t<meta property=\"og:image:width\" content=\"1500\" \/>\n\t<meta property=\"og:image:height\" content=\"554\" \/>\n\t<meta property=\"og:image:type\" content=\"image\/jpeg\" \/>\n<meta name=\"twitter:label1\" content=\"Tiempo de lectura\" \/>\n\t<meta name=\"twitter:data1\" content=\"4 minutos\" \/>\n<script type=\"application\/ld+json\" class=\"yoast-schema-graph\">{\"@context\":\"https:\\\/\\\/schema.org\",\"@graph\":[{\"@type\":\"WebPage\",\"@id\":\"https:\\\/\\\/www.shipimmigration.com\\\/es\\\/renuncias-y-publicidad-de-abogados\\\/\",\"url\":\"https:\\\/\\\/www.shipimmigration.com\\\/es\\\/renuncias-y-publicidad-de-abogados\\\/\",\"name\":\"Renuncias y Publicidad de Abogados - Ship Immigration\",\"isPartOf\":{\"@id\":\"https:\\\/\\\/www.shipimmigration.com\\\/es\\\/#website\"},\"primaryImageOfPage\":{\"@id\":\"https:\\\/\\\/www.shipimmigration.com\\\/es\\\/renuncias-y-publicidad-de-abogados\\\/#primaryimage\"},\"image\":{\"@id\":\"https:\\\/\\\/www.shipimmigration.com\\\/es\\\/renuncias-y-publicidad-de-abogados\\\/#primaryimage\"},\"thumbnailUrl\":\"https:\\\/\\\/www.shipimmigration.com\\\/wp-content\\\/uploads\\\/2015\\\/07\\\/disclaimer-page-photo.jpg\",\"datePublished\":\"2015-08-11T20:46:28+00:00\",\"breadcrumb\":{\"@id\":\"https:\\\/\\\/www.shipimmigration.com\\\/es\\\/renuncias-y-publicidad-de-abogados\\\/#breadcrumb\"},\"inLanguage\":\"es\",\"potentialAction\":[{\"@type\":\"ReadAction\",\"target\":[\"https:\\\/\\\/www.shipimmigration.com\\\/es\\\/renuncias-y-publicidad-de-abogados\\\/\"]}]},{\"@type\":\"ImageObject\",\"inLanguage\":\"es\",\"@id\":\"https:\\\/\\\/www.shipimmigration.com\\\/es\\\/renuncias-y-publicidad-de-abogados\\\/#primaryimage\",\"url\":\"https:\\\/\\\/www.shipimmigration.com\\\/wp-content\\\/uploads\\\/2015\\\/07\\\/disclaimer-page-photo.jpg\",\"contentUrl\":\"https:\\\/\\\/www.shipimmigration.com\\\/wp-content\\\/uploads\\\/2015\\\/07\\\/disclaimer-page-photo.jpg\",\"width\":1500,\"height\":554},{\"@type\":\"BreadcrumbList\",\"@id\":\"https:\\\/\\\/www.shipimmigration.com\\\/es\\\/renuncias-y-publicidad-de-abogados\\\/#breadcrumb\",\"itemListElement\":[{\"@type\":\"ListItem\",\"position\":1,\"name\":\"\",\"item\":\"https:\\\/\\\/www.shipimmigration.com\\\/es\\\/\"},{\"@type\":\"ListItem\",\"position\":2,\"name\":\"Renuncias y Publicidad de Abogados\"}]},{\"@type\":\"WebSite\",\"@id\":\"https:\\\/\\\/www.shipimmigration.com\\\/es\\\/#website\",\"url\":\"https:\\\/\\\/www.shipimmigration.com\\\/es\\\/\",\"name\":\"Ship Immigration\",\"description\":\"Nashville Immigration Lawyers\",\"potentialAction\":[{\"@type\":\"SearchAction\",\"target\":{\"@type\":\"EntryPoint\",\"urlTemplate\":\"https:\\\/\\\/www.shipimmigration.com\\\/es\\\/?s={search_term_string}\"},\"query-input\":{\"@type\":\"PropertyValueSpecification\",\"valueRequired\":true,\"valueName\":\"search_term_string\"}}],\"inLanguage\":\"es\"}]}<\/script>\n<!-- \/ Yoast SEO plugin. -->","yoast_head_json":{"title":"Renuncias y Publicidad de Abogados - Ship Immigration","robots":{"index":"index","follow":"follow","max-snippet":"max-snippet:-1","max-image-preview":"max-image-preview:large","max-video-preview":"max-video-preview:-1"},"canonical":"https:\/\/www.shipimmigration.com\/es\/renuncias-y-publicidad-de-abogados\/","og_locale":"es_MX","og_type":"article","og_title":"Renuncias y Publicidad de Abogados - Ship Immigration","og_description":"NOTA: El uso de este sitio web (&#8220;Sitio&#8221;) est\u00e1 sujeto a los siguientes T\u00e9rminos de Uso. Por favor, lea con cuidado, ya que los t\u00e9rminos pueden haber cambiado desde su...read on","og_url":"https:\/\/www.shipimmigration.com\/es\/renuncias-y-publicidad-de-abogados\/","og_site_name":"Ship Immigration","og_image":[{"width":1500,"height":554,"url":"https:\/\/www.shipimmigration.com\/wp-content\/uploads\/2015\/07\/disclaimer-page-photo.jpg","type":"image\/jpeg"}],"twitter_misc":{"Tiempo de lectura":"4 minutos"},"schema":{"@context":"https:\/\/schema.org","@graph":[{"@type":"WebPage","@id":"https:\/\/www.shipimmigration.com\/es\/renuncias-y-publicidad-de-abogados\/","url":"https:\/\/www.shipimmigration.com\/es\/renuncias-y-publicidad-de-abogados\/","name":"Renuncias y Publicidad de Abogados - Ship Immigration","isPartOf":{"@id":"https:\/\/www.shipimmigration.com\/es\/#website"},"primaryImageOfPage":{"@id":"https:\/\/www.shipimmigration.com\/es\/renuncias-y-publicidad-de-abogados\/#primaryimage"},"image":{"@id":"https:\/\/www.shipimmigration.com\/es\/renuncias-y-publicidad-de-abogados\/#primaryimage"},"thumbnailUrl":"https:\/\/www.shipimmigration.com\/wp-content\/uploads\/2015\/07\/disclaimer-page-photo.jpg","datePublished":"2015-08-11T20:46:28+00:00","breadcrumb":{"@id":"https:\/\/www.shipimmigration.com\/es\/renuncias-y-publicidad-de-abogados\/#breadcrumb"},"inLanguage":"es","potentialAction":[{"@type":"ReadAction","target":["https:\/\/www.shipimmigration.com\/es\/renuncias-y-publicidad-de-abogados\/"]}]},{"@type":"ImageObject","inLanguage":"es","@id":"https:\/\/www.shipimmigration.com\/es\/renuncias-y-publicidad-de-abogados\/#primaryimage","url":"https:\/\/www.shipimmigration.com\/wp-content\/uploads\/2015\/07\/disclaimer-page-photo.jpg","contentUrl":"https:\/\/www.shipimmigration.com\/wp-content\/uploads\/2015\/07\/disclaimer-page-photo.jpg","width":1500,"height":554},{"@type":"BreadcrumbList","@id":"https:\/\/www.shipimmigration.com\/es\/renuncias-y-publicidad-de-abogados\/#breadcrumb","itemListElement":[{"@type":"ListItem","position":1,"name":"","item":"https:\/\/www.shipimmigration.com\/es\/"},{"@type":"ListItem","position":2,"name":"Renuncias y Publicidad de Abogados"}]},{"@type":"WebSite","@id":"https:\/\/www.shipimmigration.com\/es\/#website","url":"https:\/\/www.shipimmigration.com\/es\/","name":"Ship Immigration","description":"Nashville Immigration Lawyers","potentialAction":[{"@type":"SearchAction","target":{"@type":"EntryPoint","urlTemplate":"https:\/\/www.shipimmigration.com\/es\/?s={search_term_string}"},"query-input":{"@type":"PropertyValueSpecification","valueRequired":true,"valueName":"search_term_string"}}],"inLanguage":"es"}]}},"_links":{"self":[{"href":"https:\/\/www.shipimmigration.com\/es\/wp-json\/wp\/v2\/pages\/1015","targetHints":{"allow":["GET"]}}],"collection":[{"href":"https:\/\/www.shipimmigration.com\/es\/wp-json\/wp\/v2\/pages"}],"about":[{"href":"https:\/\/www.shipimmigration.com\/es\/wp-json\/wp\/v2\/types\/page"}],"author":[{"embeddable":true,"href":"https:\/\/www.shipimmigration.com\/es\/wp-json\/wp\/v2\/users\/2"}],"replies":[{"embeddable":true,"href":"https:\/\/www.shipimmigration.com\/es\/wp-json\/wp\/v2\/comments?post=1015"}],"version-history":[{"count":1,"href":"https:\/\/www.shipimmigration.com\/es\/wp-json\/wp\/v2\/pages\/1015\/revisions"}],"predecessor-version":[{"id":1016,"href":"https:\/\/www.shipimmigration.com\/es\/wp-json\/wp\/v2\/pages\/1015\/revisions\/1016"}],"wp:featuredmedia":[{"embeddable":true,"href":"https:\/\/www.shipimmigration.com\/es\/wp-json\/wp\/v2\/media\/3736"}],"wp:attachment":[{"href":"https:\/\/www.shipimmigration.com\/es\/wp-json\/wp\/v2\/media?parent=1015"}],"curies":[{"name":"wp","href":"https:\/\/api.w.org\/{rel}","templated":true}]}}